{"id":1686,"date":"2017-12-05T21:08:45","date_gmt":"2017-12-05T21:08:45","guid":{"rendered":"http:\/\/fotos-wichmann.com\/?page_id=1686"},"modified":"2018-06-19T13:17:52","modified_gmt":"2018-06-19T13:17:52","slug":"bar-des-maraichers-marseille","status":"publish","type":"page","link":"http:\/\/fotos-wichmann.com\/?page_id=1686","title":{"rendered":"Bar des Mara\u00eechers Marseille"},"content":{"rendered":"<p>&#8222;Le bar des Mara\u00eechers \u00e9tait tout en haut, \u00e0 deux pas de la place Jean-Jaur\u00e8s. &#8230; Celui qui venait boire son pastis,\u00a0 on pouvait \u00eatre s\u00fbr, il ne votait pas Front-National, et il ne l\u00b4avait jamais fait&#8220;. (Jean-Claude Izzo 1998).<\/p>\n<div id='gallery-1' class='gallery galleryid-1686 gallery-columns-4 gallery-size-thumbnail'><figure class='gallery-item'>\n\t\t\t<div class='gallery-icon landscape'>\n\t\t\t\t<a href='https:\/\/fotos-wichmann.com\/workspace\/wp-content\/uploads\/2018\/06\/DSC03261web.jpg' title=\"\" data-rl_title=\"\" class=\"rl-gallery-link\" data-rl_caption=\"\" data-rel=\"lightbox-gallery-1\"><img width=\"150\" height=\"150\" src=\"https:\/\/fotos-wichmann.com\/workspace\/wp-content\/uploads\/2018\/06\/DSC03261web-150x150.jpg\" class=\"attachment-thumbnail size-thumbnail\" alt=\"\" decoding=\"async\" loading=\"lazy\" aria-describedby=\"gallery-1-2586\" \/><\/a>\n\t\t\t<\/div>\n\t\t\t\t<figcaption class='wp-caption-text gallery-caption' id='gallery-1-2586'>\n\t\t\t\t2017\n\t\t\t\t<\/figcaption><\/figure><figure class='gallery-item'>\n\t\t\t<div class='gallery-icon landscape'>\n\t\t\t\t<a href='https:\/\/fotos-wichmann.com\/workspace\/wp-content\/uploads\/2018\/06\/DSC03168hllerweb.jpg' title=\"\" data-rl_title=\"\" class=\"rl-gallery-link\" data-rl_caption=\"\" data-rel=\"lightbox-gallery-1\"><img width=\"150\" height=\"150\" src=\"https:\/\/fotos-wichmann.com\/workspace\/wp-content\/uploads\/2018\/06\/DSC03168hllerweb-150x150.jpg\" class=\"attachment-thumbnail size-thumbnail\" alt=\"\" decoding=\"async\" loading=\"lazy\" aria-describedby=\"gallery-1-2583\" \/><\/a>\n\t\t\t<\/div>\n\t\t\t\t<figcaption class='wp-caption-text gallery-caption' id='gallery-1-2583'>\n\t\t\t\t2017\n\t\t\t\t<\/figcaption><\/figure><figure class='gallery-item'>\n\t\t\t<div class='gallery-icon portrait'>\n\t\t\t\t<a href='https:\/\/fotos-wichmann.com\/workspace\/wp-content\/uploads\/2018\/06\/DSC03254hellerweb.jpg' title=\"\" data-rl_title=\"\" class=\"rl-gallery-link\" data-rl_caption=\"\" data-rel=\"lightbox-gallery-1\"><img width=\"150\" height=\"150\" src=\"https:\/\/fotos-wichmann.com\/workspace\/wp-content\/uploads\/2018\/06\/DSC03254hellerweb-150x150.jpg\" class=\"attachment-thumbnail size-thumbnail\" alt=\"\" decoding=\"async\" loading=\"lazy\" aria-describedby=\"gallery-1-2585\" \/><\/a>\n\t\t\t<\/div>\n\t\t\t\t<figcaption class='wp-caption-text gallery-caption' id='gallery-1-2585'>\n\t\t\t\t2017\n\t\t\t\t<\/figcaption><\/figure><figure class='gallery-item'>\n\t\t\t<div class='gallery-icon landscape'>\n\t\t\t\t<a href='https:\/\/fotos-wichmann.com\/workspace\/wp-content\/uploads\/2018\/06\/DSC03177hellerweb.jpg' title=\"\" data-rl_title=\"\" class=\"rl-gallery-link\" data-rl_caption=\"\" data-rel=\"lightbox-gallery-1\"><img width=\"150\" height=\"150\" src=\"https:\/\/fotos-wichmann.com\/workspace\/wp-content\/uploads\/2018\/06\/DSC03177hellerweb-150x150.jpg\" class=\"attachment-thumbnail size-thumbnail\" alt=\"\" decoding=\"async\" loading=\"lazy\" aria-describedby=\"gallery-1-2584\" \/><\/a>\n\t\t\t<\/div>\n\t\t\t\t<figcaption class='wp-caption-text gallery-caption' id='gallery-1-2584'>\n\t\t\t\t2017\n\t\t\t\t<\/figcaption><\/figure><figure class='gallery-item'>\n\t\t\t<div class='gallery-icon landscape'>\n\t\t\t\t<a href='https:\/\/fotos-wichmann.com\/workspace\/wp-content\/uploads\/2018\/06\/DSC03165cut-hellerweb.jpg' title=\"\" data-rl_title=\"\" class=\"rl-gallery-link\" data-rl_caption=\"\" data-rel=\"lightbox-gallery-1\"><img width=\"150\" height=\"150\" src=\"https:\/\/fotos-wichmann.com\/workspace\/wp-content\/uploads\/2018\/06\/DSC03165cut-hellerweb-150x150.jpg\" class=\"attachment-thumbnail size-thumbnail\" alt=\"\" decoding=\"async\" loading=\"lazy\" aria-describedby=\"gallery-1-2582\" \/><\/a>\n\t\t\t<\/div>\n\t\t\t\t<figcaption class='wp-caption-text gallery-caption' id='gallery-1-2582'>\n\t\t\t\t2017\n\t\t\t\t<\/figcaption><\/figure>\n\t\t<\/div>\n\n<p>&nbsp;<\/p>\n","protected":false},"excerpt":{"rendered":"<p>&#8222;Le bar des Mara\u00eechers \u00e9tait tout en haut, \u00e0 deux pas de la place Jean-Jaur\u00e8s. &#8230; Celui qui venait boire son pastis,\u00a0 on pouvait \u00eatre s\u00fbr, il ne votait pas Front-National, et il ne l\u00b4avait jamais fait&#8220;. (Jean-Claude Izzo 1998). &nbsp;<\/p>\n","protected":false},"author":2,"featured_media":0,"parent":1634,"menu_order":0,"comment_status":"closed","ping_status":"closed","template":"","meta":{"_mi_skip_tracking":false},"_links":{"self":[{"href":"http:\/\/fotos-wichmann.com\/index.php?rest_route=\/wp\/v2\/pages\/1686"}],"collection":[{"href":"http:\/\/fotos-wichmann.com\/index.php?rest_route=\/wp\/v2\/pages"}],"about":[{"href":"http:\/\/fotos-wichmann.com\/index.php?rest_route=\/wp\/v2\/types\/page"}],"author":[{"embeddable":true,"href":"http:\/\/fotos-wichmann.com\/index.php?rest_route=\/wp\/v2\/users\/2"}],"replies":[{"embeddable":true,"href":"http:\/\/fotos-wichmann.com\/index.php?rest_route=%2Fwp%2Fv2%2Fcomments&post=1686"}],"version-history":[{"count":9,"href":"http:\/\/fotos-wichmann.com\/index.php?rest_route=\/wp\/v2\/pages\/1686\/revisions"}],"predecessor-version":[{"id":2587,"href":"http:\/\/fotos-wichmann.com\/index.php?rest_route=\/wp\/v2\/pages\/1686\/revisions\/2587"}],"up":[{"embeddable":true,"href":"http:\/\/fotos-wichmann.com\/index.php?rest_route=\/wp\/v2\/pages\/1634"}],"wp:attachment":[{"href":"http:\/\/fotos-wichmann.com\/index.php?rest_route=%2Fwp%2Fv2%2Fmedia&parent=1686"}],"curies":[{"name":"wp","href":"https:\/\/api.w.org\/{rel}","templated":true}]}}