{"id":1693,"date":"2017-12-05T21:13:44","date_gmt":"2017-12-05T21:13:44","guid":{"rendered":"http:\/\/fotos-wichmann.com\/?page_id=1693"},"modified":"2018-06-22T12:02:47","modified_gmt":"2018-06-22T12:02:47","slug":"bruecken-2","status":"publish","type":"page","link":"http:\/\/fotos-wichmann.com\/?page_id=1693","title":{"rendered":"Br\u00fccken"},"content":{"rendered":"<p><a href=\"http:\/\/fotos-wichmann.com\/?page_id=362\">Br\u00fccken verschiedene<\/a><\/p>\n<p><a href=\"http:\/\/fotos-wichmann.com\/?page_id=1698\">Yorckbr\u00fccken Berlin 2017<\/a><\/p>\n<p><a href=\"http:\/\/fotos-wichmann.com\/?page_id=2039\">Tabiat- Br\u00fccke, Teheran, 2018<\/a><\/p>\n<p><a href=\"http:\/\/fotos-wichmann.com\/?page_id=2753\">Br\u00fccken Isfahan (Iran), 2018<\/a><\/p>\n<p><a href=\"http:\/\/fotos-wichmann.com\/?page_id=2425\">Br\u00fccke Avignon<\/a><\/p>\n","protected":false},"excerpt":{"rendered":"<p>Br\u00fccken verschiedene Yorckbr\u00fccken Berlin 2017 Tabiat- Br\u00fccke, Teheran, 2018 Br\u00fccken Isfahan (Iran), 2018 Br\u00fccke Avignon<\/p>\n","protected":false},"author":2,"featured_media":0,"parent":0,"menu_order":0,"comment_status":"closed","ping_status":"closed","template":"","meta":{"_mi_skip_tracking":false},"_links":{"self":[{"href":"http:\/\/fotos-wichmann.com\/index.php?rest_route=\/wp\/v2\/pages\/1693"}],"collection":[{"href":"http:\/\/fotos-wichmann.com\/index.php?rest_route=\/wp\/v2\/pages"}],"about":[{"href":"http:\/\/fotos-wichmann.com\/index.php?rest_route=\/wp\/v2\/types\/page"}],"author":[{"embeddable":true,"href":"http:\/\/fotos-wichmann.com\/index.php?rest_route=\/wp\/v2\/users\/2"}],"replies":[{"embeddable":true,"href":"http:\/\/fotos-wichmann.com\/index.php?rest_route=%2Fwp%2Fv2%2Fcomments&post=1693"}],"version-history":[{"count":12,"href":"http:\/\/fotos-wichmann.com\/index.php?rest_route=\/wp\/v2\/pages\/1693\/revisions"}],"predecessor-version":[{"id":2755,"href":"http:\/\/fotos-wichmann.com\/index.php?rest_route=\/wp\/v2\/pages\/1693\/revisions\/2755"}],"wp:attachment":[{"href":"http:\/\/fotos-wichmann.com\/index.php?rest_route=%2Fwp%2Fv2%2Fmedia&parent=1693"}],"curies":[{"name":"wp","href":"https:\/\/api.w.org\/{rel}","templated":true}]}}