{"id":2929,"date":"2018-09-17T14:54:06","date_gmt":"2018-09-17T14:54:06","guid":{"rendered":"http:\/\/fotos-wichmann.com\/?page_id=2929"},"modified":"2023-11-17T11:33:23","modified_gmt":"2023-11-17T11:33:23","slug":"maerkte-marseille-2018","status":"publish","type":"page","link":"http:\/\/fotos-wichmann.com\/?page_id=2929","title":{"rendered":"M\u00e4rkte Marseille 2018"},"content":{"rendered":"<div id='gallery-1' class='gallery galleryid-2929 gallery-columns-4 gallery-size-thumbnail'><figure class='gallery-item'>\n\t\t\t<div class='gallery-icon landscape'>\n\t\t\t\t<a href='https:\/\/fotos-wichmann.com\/workspace\/wp-content\/uploads\/2018\/09\/Capucin-77-web.jpg' title=\"\" data-rl_title=\"\" class=\"rl-gallery-link\" data-rl_caption=\"\" data-rel=\"lightbox-gallery-1\"><img width=\"150\" height=\"150\" src=\"https:\/\/fotos-wichmann.com\/workspace\/wp-content\/uploads\/2018\/09\/Capucin-77-web-150x150.jpg\" class=\"attachment-thumbnail size-thumbnail\" alt=\"\" decoding=\"async\" loading=\"lazy\" aria-describedby=\"gallery-1-2832\" \/><\/a>\n\t\t\t<\/div>\n\t\t\t\t<figcaption class='wp-caption-text gallery-caption' id='gallery-1-2832'>\n\t\t\t\tLe March\u00e9 des Capucins\n\t\t\t\t<\/figcaption><\/figure><figure class='gallery-item'>\n\t\t\t<div class='gallery-icon landscape'>\n\t\t\t\t<a href='https:\/\/fotos-wichmann.com\/workspace\/wp-content\/uploads\/2018\/09\/Capucin55-web.jpg' title=\"\" data-rl_title=\"\" class=\"rl-gallery-link\" data-rl_caption=\"\" data-rel=\"lightbox-gallery-1\"><img width=\"150\" height=\"150\" src=\"https:\/\/fotos-wichmann.com\/workspace\/wp-content\/uploads\/2018\/09\/Capucin55-web-150x150.jpg\" class=\"attachment-thumbnail size-thumbnail\" alt=\"\" decoding=\"async\" loading=\"lazy\" aria-describedby=\"gallery-1-2838\" \/><\/a>\n\t\t\t<\/div>\n\t\t\t\t<figcaption class='wp-caption-text gallery-caption' id='gallery-1-2838'>\n\t\t\t\tLe March\u00e9 des Capucins\n\t\t\t\t<\/figcaption><\/figure><figure class='gallery-item'>\n\t\t\t<div class='gallery-icon landscape'>\n\t\t\t\t<a href='https:\/\/fotos-wichmann.com\/workspace\/wp-content\/uploads\/2018\/09\/capucin-web.jpg' title=\"\" data-rl_title=\"\" class=\"rl-gallery-link\" data-rl_caption=\"\" data-rel=\"lightbox-gallery-1\"><img width=\"150\" height=\"150\" src=\"https:\/\/fotos-wichmann.com\/workspace\/wp-content\/uploads\/2018\/09\/capucin-web-150x150.jpg\" class=\"attachment-thumbnail size-thumbnail\" alt=\"\" decoding=\"async\" loading=\"lazy\" aria-describedby=\"gallery-1-2833\" \/><\/a>\n\t\t\t<\/div>\n\t\t\t\t<figcaption class='wp-caption-text gallery-caption' id='gallery-1-2833'>\n\t\t\t\tLe March\u00e9 des Capucins\n\t\t\t\t<\/figcaption><\/figure><figure class='gallery-item'>\n\t\t\t<div class='gallery-icon landscape'>\n\t\t\t\t<a href='https:\/\/fotos-wichmann.com\/workspace\/wp-content\/uploads\/2018\/09\/DSC_8531-mehr-Kontrast-web.jpg' title=\"\" data-rl_title=\"\" class=\"rl-gallery-link\" data-rl_caption=\"\" data-rel=\"lightbox-gallery-1\"><img width=\"150\" height=\"150\" src=\"https:\/\/fotos-wichmann.com\/workspace\/wp-content\/uploads\/2018\/09\/DSC_8531-mehr-Kontrast-web-150x150.jpg\" class=\"attachment-thumbnail size-thumbnail\" alt=\"\" decoding=\"async\" loading=\"lazy\" aria-describedby=\"gallery-1-2882\" \/><\/a>\n\t\t\t<\/div>\n\t\t\t\t<figcaption class='wp-caption-text gallery-caption' id='gallery-1-2882'>\n\t\t\t\tLe March\u00e9 des Capucins, aussi appel\u00e9 March\u00e9 de Noailles\n\t\t\t\t<\/figcaption><\/figure><figure class='gallery-item'>\n\t\t\t<div class='gallery-icon landscape'>\n\t\t\t\t<a href='https:\/\/fotos-wichmann.com\/workspace\/wp-content\/uploads\/2018\/09\/marche-aux-puces-canebiere-web.jpg' title=\"\" data-rl_title=\"\" class=\"rl-gallery-link\" data-rl_caption=\"\" data-rel=\"lightbox-gallery-1\"><img width=\"150\" height=\"150\" src=\"https:\/\/fotos-wichmann.com\/workspace\/wp-content\/uploads\/2018\/09\/marche-aux-puces-canebiere-web-150x150.jpg\" class=\"attachment-thumbnail size-thumbnail\" alt=\"\" decoding=\"async\" loading=\"lazy\" aria-describedby=\"gallery-1-2905\" \/><\/a>\n\t\t\t<\/div>\n\t\t\t\t<figcaption class='wp-caption-text gallery-caption' id='gallery-1-2905'>\n\t\t\t\tMarch\u00e9 aux puces sur la Canebi\u00e8re\n\t\t\t\t<\/figcaption><\/figure><figure class='gallery-item'>\n\t\t\t<div class='gallery-icon landscape'>\n\t\t\t\t<a href='https:\/\/fotos-wichmann.com\/workspace\/wp-content\/uploads\/2018\/09\/Floh-markt-web.jpg' title=\"\" data-rl_title=\"\" class=\"rl-gallery-link\" data-rl_caption=\"\" data-rel=\"lightbox-gallery-1\"><img width=\"150\" height=\"150\" src=\"https:\/\/fotos-wichmann.com\/workspace\/wp-content\/uploads\/2018\/09\/Floh-markt-web-150x150.jpg\" class=\"attachment-thumbnail size-thumbnail\" alt=\"\" decoding=\"async\" loading=\"lazy\" aria-describedby=\"gallery-1-2903\" \/><\/a>\n\t\t\t<\/div>\n\t\t\t\t<figcaption class='wp-caption-text gallery-caption' id='gallery-1-2903'>\n\t\t\t\tMarch\u00e9 aux puces sur la Canebi\u00e8re\n\t\t\t\t<\/figcaption><\/figure><figure class='gallery-item'>\n\t\t\t<div class='gallery-icon landscape'>\n\t\t\t\t<a href='https:\/\/fotos-wichmann.com\/workspace\/wp-content\/uploads\/2018\/09\/DSC_8525-mehr-kontrast-web-1.jpg' title=\"\" data-rl_title=\"\" class=\"rl-gallery-link\" data-rl_caption=\"\" data-rel=\"lightbox-gallery-1\"><img width=\"150\" height=\"150\" src=\"https:\/\/fotos-wichmann.com\/workspace\/wp-content\/uploads\/2018\/09\/DSC_8525-mehr-kontrast-web-1-150x150.jpg\" class=\"attachment-thumbnail size-thumbnail\" alt=\"\" decoding=\"async\" loading=\"lazy\" aria-describedby=\"gallery-1-2881\" \/><\/a>\n\t\t\t<\/div>\n\t\t\t\t<figcaption class='wp-caption-text gallery-caption' id='gallery-1-2881'>\n\t\t\t\tMarch\u00e9 aux puces sur la Canebi\u00e8re\n\t\t\t\t<\/figcaption><\/figure>\n\t\t<\/div>\n\n","protected":false},"excerpt":{"rendered":"","protected":false},"author":2,"featured_media":0,"parent":687,"menu_order":0,"comment_status":"closed","ping_status":"closed","template":"","meta":{"_mi_skip_tracking":false},"_links":{"self":[{"href":"http:\/\/fotos-wichmann.com\/index.php?rest_route=\/wp\/v2\/pages\/2929"}],"collection":[{"href":"http:\/\/fotos-wichmann.com\/index.php?rest_route=\/wp\/v2\/pages"}],"about":[{"href":"http:\/\/fotos-wichmann.com\/index.php?rest_route=\/wp\/v2\/types\/page"}],"author":[{"embeddable":true,"href":"http:\/\/fotos-wichmann.com\/index.php?rest_route=\/wp\/v2\/users\/2"}],"replies":[{"embeddable":true,"href":"http:\/\/fotos-wichmann.com\/index.php?rest_route=%2Fwp%2Fv2%2Fcomments&post=2929"}],"version-history":[{"count":1,"href":"http:\/\/fotos-wichmann.com\/index.php?rest_route=\/wp\/v2\/pages\/2929\/revisions"}],"predecessor-version":[{"id":2930,"href":"http:\/\/fotos-wichmann.com\/index.php?rest_route=\/wp\/v2\/pages\/2929\/revisions\/2930"}],"up":[{"embeddable":true,"href":"http:\/\/fotos-wichmann.com\/index.php?rest_route=\/wp\/v2\/pages\/687"}],"wp:attachment":[{"href":"http:\/\/fotos-wichmann.com\/index.php?rest_route=%2Fwp%2Fv2%2Fmedia&parent=2929"}],"curies":[{"name":"wp","href":"https:\/\/api.w.org\/{rel}","templated":true}]}}