{"id":687,"date":"2016-03-06T13:31:20","date_gmt":"2016-03-06T13:31:20","guid":{"rendered":"http:\/\/fotos-wichmann.com\/?page_id=687"},"modified":"2023-11-19T19:11:20","modified_gmt":"2023-11-19T19:11:20","slug":"maerkte-und-markthallen-3","status":"publish","type":"page","link":"http:\/\/fotos-wichmann.com\/?page_id=687","title":{"rendered":"M\u00e4rkte und Markthallen"},"content":{"rendered":"<p><a href=\"https:\/\/fotos-wichmann.com\/?page_id=3675\">March\u00e9 du vieux port, Marseille 2023<\/a><\/p>\n<p><a href=\"https:\/\/fotos-wichmann.com\/?page_id=3127\">Kairo Markt Khan-el-Khalili 2022<\/a><\/p>\n<p><a href=\"http:\/\/fotos-wichmann.com\/?page_id=2948\">March\u00e9 d\u00b4Aligre, Paris 2019<\/a><\/p>\n<p><a href=\"http:\/\/fotos-wichmann.com\/?page_id=2951\">March\u00e9 St Quentin, Paris 2019<\/a><\/p>\n<p><a href=\"http:\/\/fotos-wichmann.com\/?page_id=1899\">M\u00e4rkte Iran 2018<\/a><\/p>\n<p><a href=\"http:\/\/fotos-wichmann.com\/?page_id=2929\">M\u00e4rkte Marseille 2018<\/a><\/p>\n<p><a href=\"http:\/\/fotos-wichmann.com\/?page_id=1631\">Pau (Fr) Markthallen 2017<\/a><\/p>\n<p><a href=\"http:\/\/fotos-wichmann.com\/?page_id=2429\">M\u00e4rkte Avignon (FR), 2017<\/a><\/p>\n<p><a href=\"http:\/\/fotos-wichmann.com\/?page_id=2434\">Markt S\u00e8te (FR), 2017<\/a><\/p>\n<p><a href=\"http:\/\/fotos-wichmann.com\/?page_id=1215&amp;preview=true\">Marseille 2016 Markt<\/a><\/p>\n<p><a href=\"http:\/\/fotos-wichmann.com\/?page_id=661\">Bodrum<\/a><\/p>\n<p><a href=\"http:\/\/fotos-wichmann.com\/?page_id=666\">Leningrad<\/a><\/p>\n<p><a href=\"http:\/\/fotos-wichmann.com\/?page_id=671\">Marseille Fischmarkt<\/a><\/p>\n<p><a href=\"http:\/\/fotos-wichmann.com\/?page_id=676\">Tarascon<\/a><\/p>\n<p><a href=\"http:\/\/fotos-wichmann.com\/?page_id=1276\">La Rochelle Markt<\/a><\/p>\n<p><a href=\"http:\/\/fotos-wichmann.com\/?page_id=1417\">Limoges Markthalle<\/a><\/p>\n<p><a href=\"http:\/\/fotos-wichmann.com\/?page_id=1515\">Berlin Markthalle IX<\/a><\/p>\n","protected":false},"excerpt":{"rendered":"<p>March\u00e9 du vieux port, Marseille 2023 Kairo Markt Khan-el-Khalili 2022 March\u00e9 d\u00b4Aligre, Paris 2019 March\u00e9 St Quentin, Paris 2019 M\u00e4rkte Iran 2018 M\u00e4rkte Marseille 2018 Pau (Fr) Markthallen 2017 M\u00e4rkte Avignon (FR), 2017 Markt S\u00e8te (FR), 2017 Marseille 2016 Markt Bodrum Leningrad Marseille Fischmarkt Tarascon La Rochelle Markt Limoges Markthalle Berlin Markthalle IX<\/p>\n","protected":false},"author":2,"featured_media":0,"parent":0,"menu_order":0,"comment_status":"closed","ping_status":"closed","template":"","meta":{"_mi_skip_tracking":false},"_links":{"self":[{"href":"http:\/\/fotos-wichmann.com\/index.php?rest_route=\/wp\/v2\/pages\/687"}],"collection":[{"href":"http:\/\/fotos-wichmann.com\/index.php?rest_route=\/wp\/v2\/pages"}],"about":[{"href":"http:\/\/fotos-wichmann.com\/index.php?rest_route=\/wp\/v2\/types\/page"}],"author":[{"embeddable":true,"href":"http:\/\/fotos-wichmann.com\/index.php?rest_route=\/wp\/v2\/users\/2"}],"replies":[{"embeddable":true,"href":"http:\/\/fotos-wichmann.com\/index.php?rest_route=%2Fwp%2Fv2%2Fcomments&post=687"}],"version-history":[{"count":36,"href":"http:\/\/fotos-wichmann.com\/index.php?rest_route=\/wp\/v2\/pages\/687\/revisions"}],"predecessor-version":[{"id":3727,"href":"http:\/\/fotos-wichmann.com\/index.php?rest_route=\/wp\/v2\/pages\/687\/revisions\/3727"}],"wp:attachment":[{"href":"http:\/\/fotos-wichmann.com\/index.php?rest_route=%2Fwp%2Fv2%2Fmedia&parent=687"}],"curies":[{"name":"wp","href":"https:\/\/api.w.org\/{rel}","templated":true}]}}